{"id":82,"date":"2019-12-19T12:17:35","date_gmt":"2019-12-19T12:17:35","guid":{"rendered":"http:\/\/idm314.webenrevision.com\/?page_id=82"},"modified":"2019-12-19T12:17:35","modified_gmt":"2019-12-19T12:17:35","slug":"evento-central","status":"publish","type":"page","link":"https:\/\/2020.idm314.es\/index.php\/evento-central\/","title":{"rendered":"Evento Central"},"content":{"rendered":"<p>[vc_row][vc_column width=\u00bb1\/1&#8243;][minti_headline size=\u00bbfontsize-xxxl\u00bb color=\u00bb#dd9933&#8243;]Evento Central[\/minti_headline][vc_column_text]<\/p>\n<p style=\"text-align: center;\">Al caer el 14 de marzo de 2020 en s\u00e1bado, el evento central tendr\u00e1 lugar el mi\u00e9rcoles 11 de marzo de 2020 a las 10:00h.<br \/>\nEl lugar elegido ser\u00e1 el edificio Nexus de la Universitat Polit\u00e8cnica de Val\u00e8ncia.<\/p>\n<p>[\/vc_column_text][minti_spacer height=\u00bb30&#8243;][vc_column_text]9:30 &#8211; 10:00 Recepci\u00f3n de asistentes. Espect\u00e1culo de Magia Matem\u00e1tica a cargo de Fernando Blasco.<\/p>\n<p>10:00 &#8211; 10:15 Inauguraci\u00f3n del acto.<\/p>\n<p>10:15 &#8211; 10:30 Entrega de premios del Certamen del D\u00eda Internacional de las Matem\u00e1ticas.<\/p>\n<p>10:30 &#8211; 11:15 Conferencia Divulgativa de <a href=\"http:\/\/www.lamandarinadenewton.com\/index.php\/es\/about-5\">Irene Lapuente<\/a> \u00abMaths &amp; Arts\u00bb.<\/p>\n<p>11:15 &#8211; 11:45 Espect\u00e1culo a cargo del grupo SoundCool <a href=\"https:\/\/soundcool.org\/\" target=\"_blank\" rel=\"noopener noreferrer\" data-saferedirecturl=\"https:\/\/www.google.com\/url?q=https:\/\/soundcool.org\/&amp;source=gmail&amp;ust=1582311347852000&amp;usg=AFQjCNEnPtdPUeiluahCiKknGoI7KierYA\">https:\/\/soundcool.org\/<\/a><\/p>\n<p>11:45 &#8211; 12:00 Clausura del acto.[\/vc_column_text][minti_spacer height=\u00bb30&#8243;][\/vc_column][\/vc_row][vc_row][vc_column width=\u00bb1\/2&#8243;][minti_image img=\u00bb89&#8243;][\/vc_column][vc_column width=\u00bb1\/2&#8243;][vc_raw_html]JTNDaWZyYW1lJTIwc3R5bGUlM0QlMjJib3JkZXIlM0ElMjAwJTNCJTIyJTIwc3JjJTNEJTIyaHR0cHMlM0ElMkYlMkZ3d3cuZ29vZ2xlLmNvbSUyRm1hcHMlMkZlbWJlZCUzRnBiJTNEJTIxMW0xOCUyMTFtMTIlMjExbTMlMjExZDMwNzkuNTU1NTg4Mjc2NDk5MyUyMTJkLTAuMzQxNjY1OTg0NjMyMzc1OSUyMTNkMzkuNDc5MzY3NDc5NDg1MDYlMjEybTMlMjExZjAlMjEyZjAlMjEzZjAlMjEzbTIlMjExaTEwMjQlMjEyaTc2OCUyMTRmMTMuMSUyMTNtMyUyMTFtMiUyMTFzMHhkNjA0OWQ5NzRmN2M0ZDElMjUzQTB4NTQyNWZhOWQ2NGYwZjYzNSUyMTJzRWRpZmljaW8lMjUyME5leHVzJTI1MjAlMjhTYWwlMjVDMyUyNUIzbiUyNTIwZGUlMjUyMEFjdG9zJTI5JTIxNWUwJTIxM20yJTIxMXNlcyUyMTJzZXMlMjE0djE1NzY0ODQ4MDQ2ODUlMjE1bTIlMjExc2VzJTIxMnNlcyUyMiUyMHdpZHRoJTNEJTIyMTAwJTI1JTIyJTIwaGVpZ2h0JTNEJTIyNDA2JTIyJTIwZnJhbWVib3JkZXIlM0QlMjIwJTIyJTIwYWxsb3dmdWxsc2NyZWVuJTNEJTIyYWxsb3dmdWxsc2NyZWVuJTIyJTNFJTNDJTJGaWZyYW1lJTNF[\/vc_raw_html][\/vc_column][\/vc_row][vc_row][vc_column width=\u00bb1\/2&#8243;][\/vc_column][vc_column width=\u00bb1\/2&#8243;][\/vc_column][\/vc_row]<\/p>\n","protected":false},"excerpt":{"rendered":"<p>[vc_row][vc_column width=\u00bb1\/1&#8243;][minti_headline size=\u00bbfontsize-xxxl\u00bb color=\u00bb#dd9933&#8243;]Evento Central[\/minti_headline][vc_column_text] Al caer el 14 de marzo de 2020 en s\u00e1bado, el evento central tendr\u00e1 lugar el mi\u00e9rcoles 11 de marzo de 2020 a las 10:00h. El lugar elegido ser\u00e1 el edificio Nexus de la Universitat Polit\u00e8cnica de Val\u00e8ncia. [\/vc_column_text][minti_spacer height=\u00bb30&#8243;][vc_column_text]9:30 &#8211; 10:00 Recepci\u00f3n de asistentes. Espect\u00e1culo de Magia Matem\u00e1tica a&hellip;&nbsp;<a href=\"https:\/\/2020.idm314.es\/index.php\/evento-central\/\" class=\"\" rel=\"bookmark\">Leer m\u00e1s &raquo;<span class=\"screen-reader-text\">Evento Central<\/span><\/a><\/p>\n","protected":false},"author":2,"featured_media":0,"parent":0,"menu_order":0,"comment_status":"closed","ping_status":"closed","template":"","meta":{"neve_meta_sidebar":"","neve_meta_container":"","neve_meta_enable_content_width":"","neve_meta_content_width":0,"neve_meta_title_alignment":"","neve_meta_author_avatar":"","neve_post_elements_order":"","neve_meta_disable_header":"","neve_meta_disable_footer":"","neve_meta_disable_title":""},"_links":{"self":[{"href":"https:\/\/2020.idm314.es\/index.php\/wp-json\/wp\/v2\/pages\/82"}],"collection":[{"href":"https:\/\/2020.idm314.es\/index.php\/wp-json\/wp\/v2\/pages"}],"about":[{"href":"https:\/\/2020.idm314.es\/index.php\/wp-json\/wp\/v2\/types\/page"}],"author":[{"embeddable":true,"href":"https:\/\/2020.idm314.es\/index.php\/wp-json\/wp\/v2\/users\/2"}],"replies":[{"embeddable":true,"href":"https:\/\/2020.idm314.es\/index.php\/wp-json\/wp\/v2\/comments?post=82"}],"version-history":[{"count":0,"href":"https:\/\/2020.idm314.es\/index.php\/wp-json\/wp\/v2\/pages\/82\/revisions"}],"wp:attachment":[{"href":"https:\/\/2020.idm314.es\/index.php\/wp-json\/wp\/v2\/media?parent=82"}],"curies":[{"name":"wp","href":"https:\/\/api.w.org\/{rel}","templated":true}]}}