{"id":250,"date":"2020-03-04T10:37:20","date_gmt":"2020-03-04T10:37:20","guid":{"rendered":"http:\/\/idm314.es\/?page_id=250"},"modified":"2020-03-04T10:37:20","modified_gmt":"2020-03-04T10:37:20","slug":"ganadores-2020","status":"publish","type":"page","link":"https:\/\/2020.idm314.es\/index.php\/concursos\/ganadores-2020\/","title":{"rendered":"Ganadores 2020"},"content":{"rendered":"\n<p><strong>ACTA\nDEL JURADO CORRESPONDIENTE A LOS CONCURSOS CONVOCADOS CON MOTIVO DEL\nD\u00cdA INTERNACIONAL DE LAS MATEM\u00c1TICAS 2020<\/strong><\/p>\n\n\n\n<p>Una\nvez evaluados todos los trabajos recibidos para los distintos\nconcursos convocados con motivo de la celebraci\u00f3n del D\u00eda\nInternacional de las Matem\u00e1ticas 2020, el jurado propuesto por la\nReal Sociedad Matem\u00e1tica Espa\u00f1ola, la Federaci\u00f3n Espa\u00f1ola de\nSociedades de Profesores de Matem\u00e1ticas y la Universidad Polit\u00e9cnica\nde Valencia, ha acordado:<\/p>\n\n\n\n<ol><li>\nConceder\n\tel premio del concurso de comic convocado para el alumnado de\n\tEducaci\u00f3n Primaria al trabajo  presentado por Aratz M\u00fagica S\u00e1enz,\n\tde 6\u00ba curso del Urkide Ikastetxea de Victoria- Gasteiz (\u00c1lava).\n\t<\/li><li>\nConceder\n\tlos premios del concurso de relatos convocado para el alumnado de\n\tEducaci\u00f3n Secundaria y de Ciclos de Grado Medio a los siguientes\n\ttrabajos:\n<\/li><\/ol>\n\n\n\n<p>\nModalidad 1\u00ba y 2\u00ba de ESO:\n\u201cLos cuerpos en el espacio de mi casa\u201d presentado por Azahara\nS\u00e1nchez P\u00e9rez, alumna de 2\u00ba de ESO del IES El Getares de Algeciras\n(C\u00e1diz).<\/p>\n\n\n\n<p>\nModalidad 3\u00ba, 4\u00ba de ESO y\nCiclos de Grado Medio: \u201cEl bosque de los fractales\u201d presentado\npor Bianca Minetti Mu\u00f1iz de 4\u00ba de ESO del IES Calderon de la Barca\nde Pinto (Madrid).<\/p>\n\n\n\n<ol><li>\nConceder\n\tel premio del concurso de v\u00eddeos convocado para el alumnado de\n\tBachillerato y de Ciclos de Grado Superior al v\u00eddeo \u201cAnalizando\n\tlas matem\u00e1ticas en un d\u00eda normal\u201d presentado por Max Ernst\n\tHuisman Guti\u00e9rrez, de 1\u00ba de Bachillerato de la Escuela Virolai de\n\tBarcelona.\n\t<\/li><li>\nConceder\n\tel premio del concurso de mon\u00f3logos a Sara Amaro Serrano, alumna de\n\tla Universidad de Granada, por su mon\u00f3logo titulado \u201cMi domingo\n\tmatem\u00e1tico\u201d.\n\t<\/li><li>\nConceder\n\ta Roberto Cardil Ricol, profesor del IES Alonso Quijano de Alcal\u00e1\n\tde Henares (Madrid), el premio del concurso de materiales y recursos\n\tdid\u00e1cticos por el profesorado por su trabajo \u201cHomenaje a Kepler:\n\tlas abejas y el dodecaedro r\u00f3mbico\u201d.\n<\/li><\/ol>\n\n\n\n<p>El jurado agradece y felicita a todos los participantes en las distintas modalidades de los concursos convocados para la celebraci\u00f3n del D\u00eda de Pi 2020.<\/p>\n\n\n\n<p>\t\t\t\tEn\nAnd\u00fajar a 4 de marzo de 2020.<\/p>\n\n\n\n<p>\nAgust\u00edn Carrillo de Albornoz\nTorres<\/p>\n\n\n\n<p>\nPresidente de la Comisi\u00f3n de\nEducaci\u00f3n del CEMat<\/p>\n\n\n\n<p>\nSecretario general de la FESPM<\/p>\n","protected":false},"excerpt":{"rendered":"<p>ACTA DEL JURADO CORRESPONDIENTE A LOS CONCURSOS CONVOCADOS CON MOTIVO DEL D\u00cdA INTERNACIONAL DE LAS MATEM\u00c1TICAS 2020 Una vez evaluados todos los trabajos recibidos para los distintos concursos convocados con motivo de la celebraci\u00f3n del D\u00eda Internacional de las Matem\u00e1ticas 2020, el jurado propuesto por la Real Sociedad Matem\u00e1tica Espa\u00f1ola, la Federaci\u00f3n Espa\u00f1ola de Sociedades&hellip;&nbsp;<a href=\"https:\/\/2020.idm314.es\/index.php\/concursos\/ganadores-2020\/\" class=\"\" rel=\"bookmark\">Leer m\u00e1s &raquo;<span class=\"screen-reader-text\">Ganadores 2020<\/span><\/a><\/p>\n","protected":false},"author":2,"featured_media":0,"parent":46,"menu_order":0,"comment_status":"closed","ping_status":"closed","template":"","meta":{"neve_meta_sidebar":"","neve_meta_container":"","neve_meta_enable_content_width":"","neve_meta_content_width":0,"neve_meta_title_alignment":"","neve_meta_author_avatar":"","neve_post_elements_order":"","neve_meta_disable_header":"","neve_meta_disable_footer":"","neve_meta_disable_title":""},"_links":{"self":[{"href":"https:\/\/2020.idm314.es\/index.php\/wp-json\/wp\/v2\/pages\/250"}],"collection":[{"href":"https:\/\/2020.idm314.es\/index.php\/wp-json\/wp\/v2\/pages"}],"about":[{"href":"https:\/\/2020.idm314.es\/index.php\/wp-json\/wp\/v2\/types\/page"}],"author":[{"embeddable":true,"href":"https:\/\/2020.idm314.es\/index.php\/wp-json\/wp\/v2\/users\/2"}],"replies":[{"embeddable":true,"href":"https:\/\/2020.idm314.es\/index.php\/wp-json\/wp\/v2\/comments?post=250"}],"version-history":[{"count":0,"href":"https:\/\/2020.idm314.es\/index.php\/wp-json\/wp\/v2\/pages\/250\/revisions"}],"up":[{"embeddable":true,"href":"https:\/\/2020.idm314.es\/index.php\/wp-json\/wp\/v2\/pages\/46"}],"wp:attachment":[{"href":"https:\/\/2020.idm314.es\/index.php\/wp-json\/wp\/v2\/media?parent=250"}],"curies":[{"name":"wp","href":"https:\/\/api.w.org\/{rel}","templated":true}]}}