{"id":157,"date":"2019-12-17T17:53:08","date_gmt":"2019-12-17T17:53:08","guid":{"rendered":"http:\/\/idm314.webenrevision.com\/?page_id=6"},"modified":"2020-11-14T09:22:17","modified_gmt":"2020-11-14T09:22:17","slug":"home","status":"publish","type":"page","link":"https:\/\/2020.idm314.es\/","title":{"rendered":"Inicio"},"content":{"rendered":"<p>[vc_row][vc_column width=\u00bb1\/2&#8243;][vc_column_text]La UNESCO aprob\u00f3, el pasado martes 26 de noviembre en su 40\u00aa Conferencia General, la proclamaci\u00f3n del 14 de marzo (<strong>D\u00eda Internacional de Pi<\/strong>) como el\u00a0<strong>D\u00eda Internacional de las Matem\u00e1ticas<\/strong>. Para la primera edici\u00f3n oficial, que ser\u00e1 la del a\u00f1o 2020, el tema ser\u00e1 \u201cLas matem\u00e1ticas est\u00e1n en todas partes\u201d, con el que se pretende mostrar al p\u00fablico la importancia que las matem\u00e1ticas tienen en nuestra vida diaria.<\/p>\n<div id=\"overlapable-2\" class=\"features-coloured-icon-boxes-section\" data-label=\"Overlapable\" data-id=\"stripped-coloured-icon-boxes\" data-category=\"overlapable\" data-overlap=\"true\">\n<div class=\"gridContainer\">\n<div class=\"features-coloured-icon-boxes-innerrow flexbox-list dark-text\" data-type=\"row\">\n<div class=\"features-coloured-icon-boxes-featurecol cp3cols\">\n<p data-wahfont=\"14\">Siguiendo este eje tem\u00e1tico tendr\u00e1n lugar numerosos eventos. El\u00a0<strong>Comit\u00e9 Espa\u00f1ol de Matem\u00e1ticas (CEMat)<\/strong> ha comenzado a organizar los preparativos del pr\u00f3ximo 14 de marzo con el apoyo de la <strong>Universidad Polit\u00e9cnica de Valencia<\/strong>. Desde el a\u00f1o 2017, la <strong>Real Sociedad Matem\u00e1tica Espa\u00f1ola<\/strong>\u00a0y la\u00a0<strong>Federaci\u00f3n Espa\u00f1ola de Sociedades de Profesores de Matem\u00e1ticas (FESPM)<\/strong> han celebrado el d\u00eda 14 de marzo para conmemorar y festejar el D\u00eda Internacional de Pi.<\/p>\n<\/div>\n<\/div>\n<\/div>\n<\/div>\n<p>[\/vc_column_text][\/vc_column][vc_column width=\u00bb1\/2&#8243;][vc_column_text][minti_spacer][vc_column_text][\/vc_column_text][\/vc_column][\/vc_row][vc_row][vc_column][vc_column_text]<\/p>\n<div id=\"overlapable-2\" class=\"features-coloured-icon-boxes-section\" data-label=\"Overlapable\" data-id=\"stripped-coloured-icon-boxes\" data-category=\"overlapable\" data-overlap=\"true\">\n<div class=\"gridContainer\">\n<div class=\"features-coloured-icon-boxes-innerrow flexbox-list dark-text\" data-type=\"row\">\n<div class=\"features-coloured-icon-boxes-featurecol cp3cols\">\n<p data-wahfont=\"14\">Con la intenci\u00f3n de que participen los estudiantes de diferentes niveles educativos en esta fecha tan se\u00f1alada, CEMAT, RSME y FESPM convocan una serie de concursos y un gran acto de entrega de premios y celebraci\u00f3n del D\u00eda Internacional de las Matem\u00e1ticas. La entrega de premios tendr\u00e1 lugar en la\u00a0<strong>Universitat Polit\u00e8cnica de Val\u00e8ncia.<\/strong><\/p>\n<\/div>\n<\/div>\n<\/div>\n<\/div>\n<p>Cada a\u00f1o se propone un tema nuevo para animar la celebraci\u00f3n, despertar la creatividad y dar luz a las conexiones entre las matem\u00e1ticas y todo tipo de campos, conceptos e ideas. En 2020 el tema es\u00a0<strong><em>Mathematics Everywhere\u00a0<\/em><\/strong>(Matem\u00e1ticas por todas partes).[\/vc_column_text][\/vc_column][\/vc_row][vc_row][vc_column][vc_column_text][minti_headline font=\u00bbfont-special\u00bb size=\u00bbfontsize-xxxl\u00bb color=\u00bb#dd9933&#8243; weight=\u00bbfontweight-600&#8243; lineheight=\u00bblh-12&#8243;]Mathematics is Everywhere[\/minti_headline][minti_spacer][\/vc_column_text][\/vc_column][\/vc_row][vc_row][vc_column width=\u00bb1\/2&#8243;][vc_column_text][minti_spacer height=\u00bb15&#8243;][minti_image img=\u00bb36&#8243; align=\u00bbcenter\u00bb animation=\u00bbfade-in\u00bb delay=\u00bb100&#8243;][\/vc_column_text][\/vc_column][vc_column width=\u00bb1\/2&#8243;][vc_column_text]Las matema\u0301ticas esta\u0301n en todas partes en \u200bciencia y tecnologi\u0301a.\u200b Algunos ejemplos:<\/p>\n<ul>\n<li>El e\u0301xito de los buscadores de internet viene de su brillante algoritmo matema\u0301tico.<\/li>\n<li>La criptografi\u0301a para comunicaciones seguras se basa en la teori\u0301a de nu\u0301meros.<\/li>\n<li>Los dispositivos de imagen me\u0301dica como esca\u0301neres de tomografi\u0301a computarizada (CT-scan) o\u00a0de imagen por resonancia magne\u0301tica (MRI) recogen datos nume\u0301ricos y un algoritmo matema\u0301tico\u00a0construye una imagen a partir de ellos.<\/li>\n<li>La inteligencia artificial y el aprendizaje automa\u0301tico (machine learning) esta\u0301n transformando el mundo: por ejemplo, la visio\u0301n artificial, traduccio\u0301n automa\u0301tica, vehi\u0301culos auto\u0301nomos, etc.<\/li>\n<li>Descodificar el genoma humano es un triunfo de las matema\u0301ticas, la estadi\u0301stica y la informa\u0301tica.<\/li>\n<li>Las matema\u0301ticas se usaron para crear la primera imagen de un agujero negro.<\/li>\n<\/ul>\n<p>[\/vc_column_text][\/vc_column][\/vc_row][vc_row][vc_column][vc_column_text][minti_spacer][minti_button link=\u00bb\/mathematics-everywhere\/\u00bb color=\u00bbcolor-3&#8243; size=\u00bbfull\u00bb]Saber M\u00e1s[\/minti_button][minti_spacer][\/vc_column_text][\/vc_column][\/vc_row][vc_row][vc_column][vc_column_text][minti_headline size=\u00bbfontsize-xl\u00bb color=\u00bb#dd9933&#8243;]Organizadores[\/minti_headline][\/vc_column_text][\/vc_column][\/vc_row][vc_row][vc_column width=\u00bb1\/4&#8243;][vc_column_text][minti_image img=\u00bb95&#8243; lightbox=\u00bb2&#8243; url=\u00bbhttp:\/\/matematicas.uclm.es\/cemat\/es\/presentacion\/\u00bb target=\u00bb_blank\u00bb hover=\u00bbimage_zoom\u00bb extraclass=\u00bborganizador\u00bb][\/vc_column_text][\/vc_column][vc_column width=\u00bb1\/4&#8243;][vc_column_text][minti_image img=\u00bb103&#8243; lightbox=\u00bb2&#8243; url=\u00bbhttps:\/\/www.rsme.es\/\u00bb target=\u00bb_blank\u00bb hover=\u00bbimage_zoom\u00bb extraclass=\u00bborganizador\u00bb][\/vc_column_text][\/vc_column][vc_column width=\u00bb1\/4&#8243;][vc_column_text][minti_image img=\u00bb104&#8243; lightbox=\u00bb2&#8243; url=\u00bbhttps:\/\/fespm.es\/\u00bb target=\u00bb_blank\u00bb hover=\u00bbimage_zoom\u00bb extraclass=\u00bborganizador\u00bb][\/vc_column_text][\/vc_column][vc_column width=\u00bb1\/4&#8243;][vc_column_text][minti_image img=\u00bb105&#8243; lightbox=\u00bb2&#8243; url=\u00bbhttp:\/\/www.upv.es\/\u00bb target=\u00bb_blank\u00bb hover=\u00bbimage_zoom\u00bb extraclass=\u00bborganizador\u00bb][\/vc_column_text][\/vc_column][\/vc_row][vc_row][vc_column][vc_column_text][minti_spacer height=\u00bb55&#8243;][minti_headline size=\u00bbfontsize-xl\u00bb color=\u00bb#dd9933&#8243;]Patrocinadores[\/minti_headline][\/vc_column_text][\/vc_column][\/vc_row][vc_row][vc_column width=\u00bb1\/4&#8243;][\/vc_column][vc_column width=\u00bb1\/2&#8243;][vc_column_text][minti_spacer height=\u00bb20&#8243;][minti_image img=\u00bb136&#8243; lightbox=\u00bb2&#8243; url=\u00bbhttps:\/\/www.accenture.com\/es-es\/services\/applied-intelligence-index\u00bb target=\u00bb_blank\u00bb hover=\u00bbimage_zoom\u00bb extraclass=\u00bborganizador\u00bb][\/vc_column_text][\/vc_column][vc_column width=\u00bb1\/4&#8243;][\/vc_column][\/vc_row][vc_row][vc_column][vc_column_text][minti_spacer][\/vc_column_text][\/vc_column][\/vc_row]<\/p>\n","protected":false},"excerpt":{"rendered":"<p>[vc_row][vc_column width=\u00bb1\/2&#8243;][vc_column_text]La UNESCO aprob\u00f3, el pasado martes 26 de noviembre en su 40\u00aa Conferencia General, la proclamaci\u00f3n del 14 de marzo (D\u00eda Internacional de Pi) como el\u00a0D\u00eda Internacional de las Matem\u00e1ticas. Para la primera edici\u00f3n oficial, que ser\u00e1 la del a\u00f1o 2020, el tema ser\u00e1 \u201cLas matem\u00e1ticas est\u00e1n en todas partes\u201d, con el que se&hellip;&nbsp;<a href=\"https:\/\/2020.idm314.es\/\" class=\"\" rel=\"bookmark\">Leer m\u00e1s &raquo;<span class=\"screen-reader-text\">Inicio<\/span><\/a><\/p>\n","protected":false},"author":2,"featured_media":0,"parent":0,"menu_order":0,"comment_status":"closed","ping_status":"closed","template":"","meta":{"neve_meta_sidebar":"","neve_meta_container":"","neve_meta_enable_content_width":"off","neve_meta_content_width":0,"neve_meta_title_alignment":"","neve_meta_author_avatar":"","neve_post_elements_order":"","neve_meta_disable_header":"","neve_meta_disable_footer":"","neve_meta_disable_title":""},"_links":{"self":[{"href":"https:\/\/2020.idm314.es\/index.php\/wp-json\/wp\/v2\/pages\/157"}],"collection":[{"href":"https:\/\/2020.idm314.es\/index.php\/wp-json\/wp\/v2\/pages"}],"about":[{"href":"https:\/\/2020.idm314.es\/index.php\/wp-json\/wp\/v2\/types\/page"}],"author":[{"embeddable":true,"href":"https:\/\/2020.idm314.es\/index.php\/wp-json\/wp\/v2\/users\/2"}],"replies":[{"embeddable":true,"href":"https:\/\/2020.idm314.es\/index.php\/wp-json\/wp\/v2\/comments?post=157"}],"version-history":[{"count":1,"href":"https:\/\/2020.idm314.es\/index.php\/wp-json\/wp\/v2\/pages\/157\/revisions"}],"predecessor-version":[{"id":263,"href":"https:\/\/2020.idm314.es\/index.php\/wp-json\/wp\/v2\/pages\/157\/revisions\/263"}],"wp:attachment":[{"href":"https:\/\/2020.idm314.es\/index.php\/wp-json\/wp\/v2\/media?parent=157"}],"curies":[{"name":"wp","href":"https:\/\/api.w.org\/{rel}","templated":true}]}}